{"id":779,"date":"2018-08-15T12:51:04","date_gmt":"2018-08-15T10:51:04","guid":{"rendered":"https:\/\/design3.de\/datenschutz\/"},"modified":"2019-10-08T09:37:09","modified_gmt":"2019-10-08T07:37:09","slug":"data-privacy","status":"publish","type":"page","link":"https:\/\/design3.de\/en\/data-privacy\/","title":{"rendered":"Data Privacy"},"content":{"rendered":"<p>Die Nutzung unserer Webseite ist ohne eine Angabe von personenbezogenen Daten m\u00f6glich.F\u00fcr die Nutzung einzelner Services unserer Seite k\u00f6nnen sich m\u00f6glicherweise abweichende Regelungen ergeben, die nachstehend erl\u00e4utert werden. Ihre personenbezogenen Daten (z.B. Name, Anschrift, E-Mail, Telefonnummer) werden von uns nur gem\u00e4\u00df den Bestimmungen des deutschen Datenschutzrechts verarbeitet. Daten sind dann personenbezogen, wenn sie eindeutig einer bestimmten nat\u00fcrlichen Person zugeordnet werden k\u00f6nnen. Die rechtlichen Grundlagen des Datenschutzes finden Sie im Bundesdatenschutzgesetz (BDSG) und dem Telemediengesetz (TMG).Nachstehende Regelungen informieren Sie insoweit \u00fcber die Art, den Umfang und Zweck der Erhebung, die Nutzung und die Verarbeitung von personenbezogenen Daten durch den Anbieter.<br \/>\nWir weisen darauf hin, dass die internetbasierte Daten\u00fcbertragung Sicherheitsl\u00fccken aufweisen kann, ein l\u00fcckenloser Schutz vor Zugriffen durch Dritte somit nicht m\u00f6glich ist.Verantwortliche Stelle im Sinne der Datenschutzgesetze, insbesondere der EU-Datenschutzgrundverordnung (DSGVO), ist: Design3 GmbH, Schaarsteinwegsbruecke 2, 20459 Hamburg.<\/p>\n<p>&nbsp;<\/p>\n<p><strong>Serverdaten<\/strong><br \/>\nAus technischen Gr\u00fcnden werden u.a. folgende Daten, die Ihr Internet-Browser an uns bzw. an unseren Webspace-Provider \u00fcbermittelt, erfasst: Browsertyp, Browserversion, Betriebssystem, Referrer URL, Datum und Uhrzeit, Ihre IP-Adresse in anonymisierter Form . Die Daten werden ausschlie\u00dflich zur statistischen Auswertung und zur technischen Optimierung des Webangebots erhoben.<\/p>\n<p>Es werden keine Daten gespeichert, die R\u00fcckschl\u00fcsse auf eine bestimmte Person zulassen. Es werden keine Daten an Dritte weitergegeben.<\/p>\n<p>&nbsp;<\/p>\n<p><strong>Cookies, Tracking, Logging<\/strong><br \/>\nZum Schutz personenbezogener Daten verwenden wir keine Cookies.<\/p>\n<p>F\u00fcr rein statistische Auswertungen sind Tracking und Logging aktiviert. Daten erheben wir \u00fcber ein Pixel oder ein Logfile.<\/p>\n<p><em>http:\/\/www.ionos.de\/hilfe\/datenschutz\/datenverarbeitung-von-webseitenbesuchern-ihres-11-ionos-produktes\/webanalytics\/<\/em><\/p>\n<p>&nbsp;<\/p>\n<p><strong>SSL-Verschl\u00fcsselung<\/strong><br \/>\nUm die Sicherheit Ihrer Daten bei der \u00dcbertragung zu sch\u00fctzen, verwenden wir dem aktuellen Stand der Technik entsprechende Verschl\u00fcsselungsverfahren (z. B. SSL) \u00fcber HTTPS.<\/p>\n<p>&nbsp;<\/p>\n<p><strong>Newsletter<\/strong><br \/>\nWir bieten Ihnen die M\u00f6glichkeit, unseren Newsletter zu abonnieren. Um unseren Newsletter empfangen zu k\u00f6nnen, ben\u00f6tigen Sie eine g\u00fcltige E-Mailadresse. Die von Ihnen eingetragene E-Mail-Adresse werden wir insofern \u00fcberpr\u00fcfen, ob Sie tats\u00e4chlich der Inhaber der angegebenen E-Mail-Adresse sind bzw. deren Inhaber den Empfang des Newsletters autorisiert ist. Mit Ihrer Anmeldung zu unserem Newsletter werden wir Ihre IP-Adresse und das Datum sowie die Uhrzeit Ihrer Anmeldung speichern. Dies dient in dem Fall, dass ein Dritter Ihre E-Mail-Adresse missbraucht und ohne Ihr Wissen unseren Newsletter abonniert, als Absicherung unsererseits. Weitere Daten werden unsererseits nicht erhoben.Die so erhobenen Daten werden ausschlie\u00dflich f\u00fcr den Bezug unseres Newsletters verwendet. Eine Weitergabe an Dritte erfolgt nicht. Ein Abgleich der so erhobenen Daten mit Daten, die m\u00f6glicherweise durch andere Komponenten unserer Seite erhoben werden, erfolgt nicht. Den Bezug dieses Newsletters k\u00f6nnen Sie jederzeit k\u00fcndigen. Einzelheiten k\u00f6nnen Sie der Best\u00e4tigungsmail sowie jedem einzelnen Newsletter entnehmen.<\/p>\n<p>&nbsp;<\/p>\n<p><strong>Kontakt<\/strong><br \/>\nWir bieten Ihnen auf unserer Seite die M\u00f6glichkeit, mit uns per E-Mail in Verbindung zu treten. In diesem Fall werden die vom Nutzer gemachten Angaben zum Zwecke der Bearbeitung seiner Kontaktaufnahme gespeichert. Eine Weitergabe an Dritte erfolgt nicht. Ein Abgleich der so erhobenen Daten mit Daten, die m\u00f6glicherweise durch andere Komponenten unserer Seite erhoben werden, erfolgt nicht.<\/p>\n<p>&nbsp;<\/p>\n<p><strong>Einsatz von MailChimp, Einwilligung Newsletter<\/strong><br \/>\nIn Bezug auf die Verwendung Ihrer personenbezogenen Daten zum Empfang unseres Newsletters werden Sie an gegebener Stelle um eine Einwilligung gebeten:\u201eIch habe die Datenschutzerkl\u00e4rung zu Kenntnis genommen, insbesondere bin ich damit einverstanden, dass die Datenverarbeitung bei einem Dienstleister in den USA erfolgt.\u201cMit dem Newsletter informieren wir in Abst\u00e4nden \u00fcber unsere Angebote. Um unseren Newsletter empfangen zu k\u00f6nnen, ben\u00f6tigen Sie eine g\u00fcltige E-Mailadresse. Die von Ihnen eingetragene E-Mail-Adresse werden wir dahingehend \u00fcberpr\u00fcfen, ob Sie tats\u00e4chlich der Inhaber der angegebenen E-Mail-Adresse sind bzw. deren Inhaber den Empfang des Newsletters autorisiert ist. Mit Ihrer Anmeldung zu unserem Newsletter werden wir Ihre IP-Adresse und das Datum sowie die Uhrzeit Ihrer Anmeldung speichern. Dies dient in dem Fall, dass ein Dritter Ihre E-Mail-Adresse missbraucht und ohne Ihr Wissen unseren Newsletter abonniert, als Absicherung unsererseits.Ein Abgleich der so erhobenen Daten mit Daten, die m\u00f6glicherweise durch andere Komponenten unserer Seite erhoben werden, erfolgt nicht.<\/p>\n<p>&nbsp;<\/p>\n<p><strong>Newsletter per MailChimp<\/strong><br \/>\nWir verwenden zum Versand unserer Newsletter die Software MailChimp, hierbei handelt es sich um eine Dienstleistung der Firma The Rocket Science Group, LLC, 512 Means Street, Suite 404, Atlanta, GA 30318, USA.<br \/>\nIhre bei der Newsletter Anmeldung gespeicherten Daten (E-Mail-Adresse, ggf. Name, IP-Adresse, Datum sowie die Uhrzeit Ihrer Anmeldung) werden an einen Server der Firma The Rocket Science Group in den USA \u00fcbertragen und dort unter Beachtung des \u201eEU-US Privacy Shield\u201c gespeichert.<\/p>\n<p>Informationen zum Datenschutz bei MailChimp finden Sie unter: <em>http:\/\/mailchimp.com\/legal\/privacy\/<\/em><\/p>\n<p>Weitere Informationen zu dem \u201eEU-US Privacy Shield\u201c finden Sie unter:<br \/>\nDie Bundesbeauftragte f\u00fcr den Datenschutz und die Informationsfreiheit<br \/>\n<em>http:\/\/ec.europa.eu\/justice\/data-protection\/international-transfers\/eu-us-privacy-shield\/index_en.htm<\/em><\/p>\n<p>Das Abonnement dieses Newsletters und damit die Einwilligung in die Speicherung Ihrer Daten k\u00f6nnen Sie jederzeit f\u00fcr die Zukunft k\u00fcndigen\/widerrufen. Einzelheiten hierzu k\u00f6nnen Sie der Best\u00e4tigungsmail sowie jedem einzelnen Newsletter entnehmen.<\/p>\n<p>&nbsp;<\/p>\n<p><strong>Newsletter-Tracking\u2028<\/strong><br \/>\nUnsere Newsletter enthalten m\u00f6glicherweise sogenannte Z\u00e4hlpixel (Web-Bugs), anhand derer wir erkennen k\u00f6nnen, ob und wann eine E-Mail ge\u00f6ffnet wurde und welchen Links in der E-Mail von dem personalisierten Empf\u00e4nger gefolgt wurde.<br \/>\nDiese Daten werden von uns gespeichert, damit wir unsere Newsletter optimal auf die W\u00fcnsche und Interessen unserer Abonnenten ausrichten k\u00f6nnen. Demnach werden die somit erhobenen Daten genutzt, um personalisierte Newsletter an den jeweiligen Empf\u00e4nger zu versenden.<br \/>\nUm Ihre diesbez\u00fcgliche Einwilligung bitten wir Sie an gegebener Stelle:\u2028\u201eIch bin damit einverstanden, dass meine Daten und mein Nutzungsverhalten durch das Newsletter-Tracking elektronisch gespeichert werden um mir einen individualisierten Newsletter zu \u00fcbersenden. Mit dem widerrufen der Einwilligung zum Erhalt des Newsletters, wird auch die Einwilligung zum vorgenannten Tracking widerrufen.\u201c<br \/>\nMit dem Widerrufen der Einwilligung zum Erhalt des Newsletters, wird auch die Einwilligung zum vorgenannten Tracking widerrufen.<\/p>\n<p>&nbsp;<\/p>\n<p><strong>Ver\u00f6ffentlichung von Stellenanzeigen \/ Online-Stellenbewerbungen\u2028<\/strong><br \/>\nIhre Bewerbungsdaten werden zum Zwecke der Abwicklung des Bewerbungsverfahrens elektronisch von uns erhoben und verarbeitet. Folgt auf Ihre Bewerbung der Abschluss eines Anstellungsvertrages, so k\u00f6nnen Ihre \u00fcbermittelten Daten zum Zwecke des \u00fcblichen Organisations- und Verwaltungsprozesses unter Beachtung der einschl\u00e4gigen rechtlichen Vorschriften von uns in Ihrer Personalakte gespeichert werden.<br \/>\nDie L\u00f6schung der von Ihnen \u00fcbermittelten Daten erfolgt bei Zur\u00fcckweisung Ihrer Stellenbewerbung automatisch zwei Monate nach Bekanntgabe der Zur\u00fcckweisung. Dies gilt nicht, wenn aufgrund gesetzlicher Erfordernisse (beispielsweise der Beweispflicht nach dem Allgemeinen Gleichbehandlungsgesetz) eine l\u00e4ngere Speicherung notwendig ist oder wenn Sie einer l\u00e4ngeren Speicherung in unserer Interessenten-Datenbank ausdr\u00fccklich zugestimmt haben.<\/p>\n<p>&nbsp;<\/p>\n<p><strong>Facebook\u2028<\/strong><br \/>\nDie Design3 GmbH greift f\u00fcr den hier angebotenen Informationsdienst auf die technische Plattform und die Dienste der Facebook Ireland Ltd., 4 Grand Canal Square Grand Canal Harbour, Dublin 2, Ireland zur\u00fcck.<\/p>\n<p>Wir weisen Sie darauf hin, dass Sie diese Facebook-Seite und ihre Funktionen in eigener Verantwortung nutzen. Dies gilt insbesondere f\u00fcr die Nutzung der interaktiven Funktionen (z.B. Kommentieren, Teilen, Bewerten). Alternativ k\u00f6nnen Sie die \u00fcber diese Seite angebotenen Informationen auch auf unserem Internet-Angebot unter www.design3.de abrufen.<\/p>\n<p>Beim Besuch unserer Facebook-Seite erfasst Facebook u.a Ihre IP-Adresse sowie weitere Informationen, die in Form von Cookies auf Ihrem PC vorhanden sind. Diese Informationen werden verwendet, um uns als Betreiber der Facebook-Seiten statistische Informationen \u00fcber die Inanspruchnahme der Facebook-Seite zur Verf\u00fcgung zu stellen. N\u00e4here Informationen hierzu stellt Facebook unter folgendem Link zur Verf\u00fcgung: <em>de-de.facebook.com\/help\/pages\/insights<\/em>.<br \/>\nDie in diesem Zusammenhang \u00fcber Sie erhobenen Daten werden von der Facebook Ltd. verarbeitet und dabei gegebenenfalls in L\u00e4nder au\u00dferhalb der Europ\u00e4ischen Union \u00fcbertragen. Welche Informationen Facebook erh\u00e4lt und wie diese verwendet werden, beschreibt Facebook in allgemeiner Form in seinen Datenverwendungsrichtlinien. Dort finden Sie auch Informationen \u00fcber Kontaktm\u00f6glichkeiten zu Facebook sowie zu den Einstellm\u00f6glichkeiten f\u00fcr Werbeanzeigen. Die Datenverwendungsrichtlinien sind unter folgendem Link verf\u00fcgbar: <em>de-de.facebook.com\/about\/privacy<\/em><br \/>\nDie vollst\u00e4ndigen Datenrichtlinien von Facebook finden Sie hier: <em>de-de.facebook.com\/full_data_use_policy<\/em><br \/>\nIn welcher Weise Facebook die Daten aus dem Besuch von Facebook-Seiten f\u00fcr eigene Zwecke verwendet, in welchem Umfang Aktivit\u00e4ten auf der Facebook-Seite einzelnen Nutzern zugeordnet werden, wie lange Facebook diese Daten speichert und ob Daten aus einem Besuch der Facebook-Seite an Dritte weitergegeben werden, wird von Facebook nicht abschlie\u00dfend und klar benannt und ist uns nicht bekannt.<\/p>\n<p>Beim Zugriff auf eine Facebook-Seite wird die Ihrem Endger\u00e4te zugeteilte IP-Adresse an Facebook \u00fcbermittelt. Nach Auskunft von Facebook wird diese IP-Adresse anonymisiert (bei &#8220;deutschen&#8221; IP-Adressen) und nach 90 Tagen gel\u00f6scht. Facebook speichert dar\u00fcber hinaus Informationen \u00fcber die Endger\u00e4te seiner Nutzer (z.B. im Rahmen der Funktion \u201eAnmeldebenachrichtigung\u201c); gegebenenfalls ist Facebook damit eine Zuordnung von IPAdressen zu einzelnen Nutzern m\u00f6glich.<br \/>\nWenn Sie als Nutzerin oder Nutzer aktuell bei Facebook angemeldet sind, befindet sich auf Ihrem Endger\u00e4t ein Cookie mit Ihrer Facebook-Kennung. Dadurch ist Facebook in der Lage nachzuvollziehen, dass Sie diese Seite aufgesucht und wie Sie sie genutzt haben. Dies gilt auch f\u00fcr alle anderen Facebook-Seiten. \u00dcber in Webseiten eingebundene Facebook-Buttons ist es Facebook m\u00f6glich, Ihre Besuche auf diesen Webseiten Seiten zu erfassen und Ihrem Facebook-Profil zuzuordnen. Anhand dieser Daten k\u00f6nnen Inhalte oder Werbung auf Sie zugeschnitten angeboten werden.<\/p>\n<p>Wenn Sie dies vermeiden m\u00f6chten, sollten Sie sich bei Facebook abmelden bzw. die Funktion &#8220;angemeldet bleiben&#8221; deaktivieren, die auf Ihrem Ger\u00e4t vorhandenen Cookies l\u00f6schen und Ihren Browser beenden und neu starten. Auf diese Weise werden Facebook-Informationen, \u00fcber die Sie unmittelbar identifiziert werden k\u00f6nnen, gel\u00f6scht. Damit k\u00f6nnen Sie unsere Facebook-Seite nutzen, ohne dass Ihre Facebook-Kennung offenbart wird. Wenn Sie auf interaktive Funktionen der Seite zugreifen (Gef\u00e4llt mir, Kommentieren, Teilen, Nachrichten etc.), erscheint eine Facebook-Anmeldemaske. Nach einer etwaigen Anmeldung sind Sie f\u00fcr Facebook erneut als bestimmte\/r Nutzerin\/Nutzer erkennbar.<br \/>\nInformationen dazu, wie Sie \u00fcber Sie vorhandene Informationen verwalten oder l\u00f6schen k\u00f6nnen, finden Sie auf folgenden Facebook Support-Seiten: <em>de-de.facebook.com\/about\/privacy#<\/em><\/p>\n<p>&nbsp;<\/p>\n<p><strong>Verwendung von Google Maps\u2028<\/strong><br \/>\nArt und Zweck der Verarbeitung: auf dieser Webseite nutzen wir das Angebot von Google Maps. Google Maps wird von Google LLC, 1600 Amphitheatre Parkway, Mountain View, CA 94043, USA (nachfolgend \u201eGoogle\u201c) betrieben. Dadurch k\u00f6nnen wir Ihnen interaktive Karten direkt in der Webseite anzeigen und erm\u00f6glichen Ihnen die komfortable Nutzung der Karten-Funktion. N\u00e4here Informationen \u00fcber die Datenverarbeitung durch Google k\u00f6nnen Sie den Google-Datenschutzhinweisen entnehmen. Dort k\u00f6nnen Sie im Datenschutzcenter auch Ihre pers\u00f6nlichen Datenschutz-Einstellungen ver\u00e4ndern.<br \/>\nRechtsgrundlage: Rechtsgrundlage f\u00fcr die Einbindung von Google Maps und dem damit verbundenen Datentransfer zu Google ist Ihre Einwilligung (Art. 6 Abs. 1 lit. a DSGVO).<br \/>\nDurch den Besuch der Webseite erh\u00e4lt Google Informationen, dass Sie die entsprechende Unterseite unserer Webseite aufgerufen haben. Dies erfolgt unabh\u00e4ngig davon, ob Google ein Nutzerkonto bereitstellt, \u00fcber das Sie eingeloggt sind, oder ob keine Nutzerkonto besteht. Wenn Sie bei Google eingeloggt sind, werden Ihre Daten direkt Ihrem Konto zugeordnet. Wenn Sie die Zuordnung in Ihrem Profil bei Google nicht w\u00fcnschen, m\u00fcssen Sie sich vor Aktivierung des Buttons bei Google ausloggen. Google speichert Ihre Daten als Nutzungsprofile und nutzt sie f\u00fcr Zwecke der Werbung, Marktforschung und\/oder bedarfsgerechter Gestaltung seiner Webseite. Eine solche Auswertung erfolgt insbesondere (selbst f\u00fcr nicht eingeloggte Nutzer) zur Erbringung bedarfsgerechter Werbung und um andere Nutzer des sozialen Netzwerks \u00fcber Ihre Aktivit\u00e4ten auf unserer Webseite zu informieren. Ihnen steht ein Widerspruchsrecht zu gegen die Bildung dieser Nutzerprofile, wobei Sie sich zur Aus\u00fcbung dessen an Google richten m\u00fcssen.<br \/>\nWir erheben keine personenbezogenen Daten durch die Einbindung von Google Maps.<br \/>\nDrittlandtransfer: Google verarbeitet Ihre Daten in den USA und hat sich dem EU_US Privacy Shield unterworfen <em>https:\/\/www.privacyshield.gov\/EU-US-Framework.<\/em><br \/>\nWiderruf der Einwilligung: wenn Sie nicht m\u00f6chten, dass Google \u00fcber unseren Internetauftritt Daten \u00fcber Sie erhebt, verarbeitet oder nutzt, k\u00f6nnen Sie in Ihrem Browsereinstellungen JavaScript deaktivieren. In diesem Fall k\u00f6nnen Sie unsere Webseite jedoch nicht oder nur eingeschr\u00e4nkt nutzen.<\/p>\n<p>&nbsp;<\/p>\n<p><strong>Auskunft, Widerruf und L\u00f6schung\u2028<\/strong><br \/>\nSie k\u00f6nnen sich aufgrund des Bundesdatenschutzgesetzes bei Fragen zur Erhebung, Verarbeitung oder Nutzung Ihrer personenbezogenen Daten und deren Berichtigung, Sperrung, L\u00f6schung oder einem Widerruf einer erteilten Einwilligung unentgeltlich an uns wenden. Wir weisen darauf hin, dass Ihnen ein Recht auf Berichtigung falscher Daten oder L\u00f6schung personenbezogener Daten zusteht, sollte diesem Anspruch keine gesetzliche Aufbewahrungspflicht entgegenstehen.<\/p>\n<p>&nbsp;<\/p>\n<p><strong>\u00c4nderung unserer Datenschutzbestimmungen\u2028<\/strong><br \/>\nWir behalten uns vor, diese Datenschutzerkl\u00e4rung anzupassen, damit sie stets den aktuellen rechtlichen Anforderungen entspricht oder um \u00c4nderungen unserer Leistungen in der Datenschutzerkl\u00e4rung umzusetzen, z.B. bei der Einf\u00fchrung neuer Services. F\u00fcr Ihren erneuten Besuch gilt dann die neue Datenschutzerkl\u00e4rung.<\/p>\n<p>&nbsp;<\/p>\n<p><strong>Fragen an den Datenschutzbeauftragten\u2028<\/strong><br \/>\nWenn Sie Fragen zum Datenschutz haben, schreiben Sie uns bitte eine E-Mail oder wenden Sie sich direkt an die f\u00fcr den Datenschutz verantwortliche Person in unserer Organisation:<br \/>\nWolfgang Wagner<br \/>\nDesign3 GmbH<br \/>\n<em>datenschutz@design3.de<\/em><\/p>\n<p>Diese Datenschutzerkl\u00e4rung wurde u.a. mit dem Datenschutzerkl\u00e4rungs-Generator der activeMind AG erstellt.<\/p>\n","protected":false},"excerpt":{"rendered":"<p>Die Nutzung unserer Webseite ist ohne eine Angabe von personenbezogenen Daten m\u00f6glich.F\u00fcr die Nutzung einzelner Services unserer Seite k\u00f6nnen sich m\u00f6glicherweise abweichende Regelungen ergeben, die nachstehend erl\u00e4utert werden. Ihre personenbezogenen Daten (z.B. Name, Anschrift, E-Mail, Telefonnummer) werden von uns nur gem\u00e4\u00df den Bestimmungen des deutschen Datenschutzrechts verarbeitet. Daten sind dann personenbezogen, wenn sie eindeutig einer [&hellip;]<\/p>\n","protected":false},"author":1,"featured_media":0,"parent":0,"menu_order":0,"comment_status":"closed","ping_status":"open","template":"","meta":{"_acf_changed":false,"inline_featured_image":false,"footnotes":""},"class_list":["post-779","page","type-page","status-publish","hentry"],"yoast_head":"<!-- This site is optimized with the Yoast SEO plugin v27.2 - https:\/\/yoast.com\/product\/yoast-seo-wordpress\/ -->\n<title>Data Privacy - Design3<\/title>\n<meta name=\"robots\" content=\"index, follow, max-snippet:-1, max-image-preview:large, max-video-preview:-1\" \/>\n<link rel=\"canonical\" href=\"https:\/\/design3.de\/en\/data-privacy\/\" \/>\n<meta property=\"og:locale\" content=\"en_US\" \/>\n<meta property=\"og:type\" content=\"article\" \/>\n<meta property=\"og:title\" content=\"Data Privacy - Design3\" \/>\n<meta property=\"og:description\" content=\"Die Nutzung unserer Webseite ist ohne eine Angabe von personenbezogenen Daten m\u00f6glich.F\u00fcr die Nutzung einzelner Services unserer Seite k\u00f6nnen sich m\u00f6glicherweise abweichende Regelungen ergeben, die nachstehend erl\u00e4utert werden. Ihre personenbezogenen Daten (z.B. Name, Anschrift, E-Mail, Telefonnummer) werden von uns nur gem\u00e4\u00df den Bestimmungen des deutschen Datenschutzrechts verarbeitet. Daten sind dann personenbezogen, wenn sie eindeutig einer [&hellip;]\" \/>\n<meta property=\"og:url\" content=\"https:\/\/design3.de\/en\/data-privacy\/\" \/>\n<meta property=\"og:site_name\" content=\"Design3\" \/>\n<meta property=\"article:publisher\" content=\"https:\/\/www.facebook.com\/Design3Produktdesign\/\" \/>\n<meta property=\"article:modified_time\" content=\"2019-10-08T07:37:09+00:00\" \/>\n<meta name=\"twitter:card\" content=\"summary_large_image\" \/>\n<meta name=\"twitter:label1\" content=\"Est. reading time\" \/>\n\t<meta name=\"twitter:data1\" content=\"11 minutes\" \/>\n<script type=\"application\/ld+json\" class=\"yoast-schema-graph\">{\"@context\":\"https:\/\/schema.org\",\"@graph\":[{\"@type\":\"WebPage\",\"@id\":\"https:\/\/design3.de\/en\/data-privacy\/\",\"url\":\"https:\/\/design3.de\/en\/data-privacy\/\",\"name\":\"Data Privacy - Design3\",\"isPartOf\":{\"@id\":\"https:\/\/design3.de\/#website\"},\"datePublished\":\"2018-08-15T10:51:04+00:00\",\"dateModified\":\"2019-10-08T07:37:09+00:00\",\"breadcrumb\":{\"@id\":\"https:\/\/design3.de\/en\/data-privacy\/#breadcrumb\"},\"inLanguage\":\"en-US\",\"potentialAction\":[{\"@type\":\"ReadAction\",\"target\":[\"https:\/\/design3.de\/en\/data-privacy\/\"]}]},{\"@type\":\"BreadcrumbList\",\"@id\":\"https:\/\/design3.de\/en\/data-privacy\/#breadcrumb\",\"itemListElement\":[{\"@type\":\"ListItem\",\"position\":1,\"name\":\"Startseite\",\"item\":\"https:\/\/design3.de\/en\/\"},{\"@type\":\"ListItem\",\"position\":2,\"name\":\"Data Privacy\"}]},{\"@type\":\"WebSite\",\"@id\":\"https:\/\/design3.de\/#website\",\"url\":\"https:\/\/design3.de\/\",\"name\":\"Design3\",\"description\":\"360\u00b0 forward\",\"publisher\":{\"@id\":\"https:\/\/design3.de\/#organization\"},\"potentialAction\":[{\"@type\":\"SearchAction\",\"target\":{\"@type\":\"EntryPoint\",\"urlTemplate\":\"https:\/\/design3.de\/?s={search_term_string}\"},\"query-input\":{\"@type\":\"PropertyValueSpecification\",\"valueRequired\":true,\"valueName\":\"search_term_string\"}}],\"inLanguage\":\"en-US\"},{\"@type\":\"Organization\",\"@id\":\"https:\/\/design3.de\/#organization\",\"name\":\"Design3 GmbH\",\"url\":\"https:\/\/design3.de\/\",\"logo\":{\"@type\":\"ImageObject\",\"inLanguage\":\"en-US\",\"@id\":\"https:\/\/design3.de\/#\/schema\/logo\/image\/\",\"url\":\"https:\/\/design3.de\/wp-content\/uploads\/2018\/09\/favicon-d3.png\",\"contentUrl\":\"https:\/\/design3.de\/wp-content\/uploads\/2018\/09\/favicon-d3.png\",\"width\":600,\"height\":600,\"caption\":\"Design3 GmbH\"},\"image\":{\"@id\":\"https:\/\/design3.de\/#\/schema\/logo\/image\/\"},\"sameAs\":[\"https:\/\/www.facebook.com\/Design3Produktdesign\/\",\"https:\/\/www.instagram.com\/design3_official\/\",\"https:\/\/www.linkedin.com\/company\/design3-gmbh\",\"https:\/\/www.youtube.com\/channel\/UC54wkoZQfqAUBfsDq3O7tpw\/videos\"]}]}<\/script>\n<!-- \/ Yoast SEO plugin. -->","yoast_head_json":{"title":"Data Privacy - Design3","robots":{"index":"index","follow":"follow","max-snippet":"max-snippet:-1","max-image-preview":"max-image-preview:large","max-video-preview":"max-video-preview:-1"},"canonical":"https:\/\/design3.de\/en\/data-privacy\/","og_locale":"en_US","og_type":"article","og_title":"Data Privacy - Design3","og_description":"Die Nutzung unserer Webseite ist ohne eine Angabe von personenbezogenen Daten m\u00f6glich.F\u00fcr die Nutzung einzelner Services unserer Seite k\u00f6nnen sich m\u00f6glicherweise abweichende Regelungen ergeben, die nachstehend erl\u00e4utert werden. Ihre personenbezogenen Daten (z.B. Name, Anschrift, E-Mail, Telefonnummer) werden von uns nur gem\u00e4\u00df den Bestimmungen des deutschen Datenschutzrechts verarbeitet. Daten sind dann personenbezogen, wenn sie eindeutig einer [&hellip;]","og_url":"https:\/\/design3.de\/en\/data-privacy\/","og_site_name":"Design3","article_publisher":"https:\/\/www.facebook.com\/Design3Produktdesign\/","article_modified_time":"2019-10-08T07:37:09+00:00","twitter_card":"summary_large_image","twitter_misc":{"Est. reading time":"11 minutes"},"schema":{"@context":"https:\/\/schema.org","@graph":[{"@type":"WebPage","@id":"https:\/\/design3.de\/en\/data-privacy\/","url":"https:\/\/design3.de\/en\/data-privacy\/","name":"Data Privacy - Design3","isPartOf":{"@id":"https:\/\/design3.de\/#website"},"datePublished":"2018-08-15T10:51:04+00:00","dateModified":"2019-10-08T07:37:09+00:00","breadcrumb":{"@id":"https:\/\/design3.de\/en\/data-privacy\/#breadcrumb"},"inLanguage":"en-US","potentialAction":[{"@type":"ReadAction","target":["https:\/\/design3.de\/en\/data-privacy\/"]}]},{"@type":"BreadcrumbList","@id":"https:\/\/design3.de\/en\/data-privacy\/#breadcrumb","itemListElement":[{"@type":"ListItem","position":1,"name":"Startseite","item":"https:\/\/design3.de\/en\/"},{"@type":"ListItem","position":2,"name":"Data Privacy"}]},{"@type":"WebSite","@id":"https:\/\/design3.de\/#website","url":"https:\/\/design3.de\/","name":"Design3","description":"360\u00b0 forward","publisher":{"@id":"https:\/\/design3.de\/#organization"},"potentialAction":[{"@type":"SearchAction","target":{"@type":"EntryPoint","urlTemplate":"https:\/\/design3.de\/?s={search_term_string}"},"query-input":{"@type":"PropertyValueSpecification","valueRequired":true,"valueName":"search_term_string"}}],"inLanguage":"en-US"},{"@type":"Organization","@id":"https:\/\/design3.de\/#organization","name":"Design3 GmbH","url":"https:\/\/design3.de\/","logo":{"@type":"ImageObject","inLanguage":"en-US","@id":"https:\/\/design3.de\/#\/schema\/logo\/image\/","url":"https:\/\/design3.de\/wp-content\/uploads\/2018\/09\/favicon-d3.png","contentUrl":"https:\/\/design3.de\/wp-content\/uploads\/2018\/09\/favicon-d3.png","width":600,"height":600,"caption":"Design3 GmbH"},"image":{"@id":"https:\/\/design3.de\/#\/schema\/logo\/image\/"},"sameAs":["https:\/\/www.facebook.com\/Design3Produktdesign\/","https:\/\/www.instagram.com\/design3_official\/","https:\/\/www.linkedin.com\/company\/design3-gmbh","https:\/\/www.youtube.com\/channel\/UC54wkoZQfqAUBfsDq3O7tpw\/videos"]}]}},"acf":[],"_links":{"self":[{"href":"https:\/\/design3.de\/en\/wp-json\/wp\/v2\/pages\/779","targetHints":{"allow":["GET"]}}],"collection":[{"href":"https:\/\/design3.de\/en\/wp-json\/wp\/v2\/pages"}],"about":[{"href":"https:\/\/design3.de\/en\/wp-json\/wp\/v2\/types\/page"}],"author":[{"embeddable":true,"href":"https:\/\/design3.de\/en\/wp-json\/wp\/v2\/users\/1"}],"replies":[{"embeddable":true,"href":"https:\/\/design3.de\/en\/wp-json\/wp\/v2\/comments?post=779"}],"version-history":[{"count":9,"href":"https:\/\/design3.de\/en\/wp-json\/wp\/v2\/pages\/779\/revisions"}],"predecessor-version":[{"id":1151,"href":"https:\/\/design3.de\/en\/wp-json\/wp\/v2\/pages\/779\/revisions\/1151"}],"wp:attachment":[{"href":"https:\/\/design3.de\/en\/wp-json\/wp\/v2\/media?parent=779"}],"curies":[{"name":"wp","href":"https:\/\/api.w.org\/{rel}","templated":true}]}}